{"id":1576,"date":"2020-01-13T11:17:52","date_gmt":"2020-01-13T10:17:52","guid":{"rendered":"http:\/\/shoesme-saverne.fr\/index.php\/15c42-web-agency-gb-home\/"},"modified":"2022-06-12T11:28:23","modified_gmt":"2022-06-12T09:28:23","slug":"15c42-web-agency-gb-home","status":"publish","type":"page","link":"http:\/\/shoesme-saverne.fr\/","title":{"rendered":"Accueil"},"content":{"rendered":"\n<figure class=\"wp-block-image alignfull size-large\"><img loading=\"lazy\" width=\"1024\" height=\"383\" src=\"http:\/\/shoesme-saverne.fr\/wp-content\/uploads\/2020\/11\/Capture-decran-2020-11-04-a-19.30.33-1-1024x383.png\" alt=\"\" class=\"wp-image-1498\" srcset=\"http:\/\/shoesme-saverne.fr\/wp-content\/uploads\/2020\/11\/Capture-decran-2020-11-04-a-19.30.33-1-1024x383.png 1024w, http:\/\/shoesme-saverne.fr\/wp-content\/uploads\/2020\/11\/Capture-decran-2020-11-04-a-19.30.33-1-300x112.png 300w, http:\/\/shoesme-saverne.fr\/wp-content\/uploads\/2020\/11\/Capture-decran-2020-11-04-a-19.30.33-1-768x287.png 768w, http:\/\/shoesme-saverne.fr\/wp-content\/uploads\/2020\/11\/Capture-decran-2020-11-04-a-19.30.33-1-600x224.png 600w, http:\/\/shoesme-saverne.fr\/wp-content\/uploads\/2020\/11\/Capture-decran-2020-11-04-a-19.30.33-1.png 1491w\" sizes=\"(max-width: 1024px) 100vw, 1024px\" \/><\/figure>\n\n\n\n<hr class=\"wp-block-separator\"\/>\n\n\n\n<h2 class=\"has-text-align-center\">Site en cours de mise \u00e0 jour. <br>Certains mod\u00e8les ne sont plus disponibles. <\/h2>\n\n\n\n<p class=\"has-text-align-center\">Restez connect\u00e9s !<\/p>\n\n\n\n<hr class=\"wp-block-separator\"\/>\n\n\n\n<div class=\"wp-block-themeisle-blocks-advanced-columns alignfull has-2-columns has-desktop-equal-layout has-tablet-equal-layout has-mobile-collapsedRows-layout has-wide-gap has-vertical-center\" id=\"wp-block-themeisle-blocks-advanced-columns-512cc8e9\"><div class=\"wp-block-themeisle-blocks-advanced-columns-overlay\"><\/div><div class=\"innerblocks-wrap\">\n<div class=\"wp-block-themeisle-blocks-advanced-column ticss-772a8d7e\" id=\"wp-block-themeisle-blocks-advanced-column-d0923845\">\n<div class=\"wp-block-group\"><div class=\"wp-block-group__inner-container\">\n<div class=\"wp-block-image\"><figure class=\"alignleft size-large\"><img loading=\"lazy\" width=\"768\" height=\"1024\" src=\"http:\/\/shoesme-saverne.fr\/wp-content\/uploads\/2020\/11\/IMG_3960-768x1024.jpg\" alt=\"\" class=\"wp-image-1637\" srcset=\"http:\/\/shoesme-saverne.fr\/wp-content\/uploads\/2020\/11\/IMG_3960-768x1024.jpg 768w, http:\/\/shoesme-saverne.fr\/wp-content\/uploads\/2020\/11\/IMG_3960-225x300.jpg 225w, http:\/\/shoesme-saverne.fr\/wp-content\/uploads\/2020\/11\/IMG_3960-1152x1536.jpg 1152w, http:\/\/shoesme-saverne.fr\/wp-content\/uploads\/2020\/11\/IMG_3960-1536x2048.jpg 1536w, http:\/\/shoesme-saverne.fr\/wp-content\/uploads\/2020\/11\/IMG_3960-600x800.jpg 600w, http:\/\/shoesme-saverne.fr\/wp-content\/uploads\/2020\/11\/IMG_3960-scaled.jpg 1920w\" sizes=\"(max-width: 768px) 100vw, 768px\" \/><\/figure><\/div>\n<\/div><\/div>\n<\/div>\n\n\n\n<div class=\"wp-block-themeisle-blocks-advanced-column\" id=\"wp-block-themeisle-blocks-advanced-column-6de05a17\">\n<h2 class=\"has-text-align-left\" style=\"font-size:29px\"><span class=\"has-inline-color has-white-color\">Votre boutique de chaussures et d&rsquo;accessoires f\u00e9minins \u00e0 Saverne ! <\/span><\/h2>\n\n\n\n<p>   <\/p>\n\n\n\n<p style=\"font-size:14px\"><strong><span class=\"has-inline-color has-white-color\">Depuis 2011, Shoes Me accompagne le quotidien des femmes ! <\/span><\/strong><br><br><span class=\"has-inline-color has-white-color\">Puisque nous savons qu&rsquo;une femme vit \u00e0 100 \u00e0 l&rsquo;heure, la boutique s&rsquo;engage \u00e0 vous fournir toujours les meilleurs produits, alliant \u00e9l\u00e9gance, modernit\u00e9, confort et qualit\u00e9. <br><br>Des collections tendances et 100% f\u00e9minines sont \u00e0 d\u00e9couvrir au <strong>6 place de G\u00e9n\u00e9ral du Gaulle \u00e0 Saverne.<\/strong> <br>Il y en a pour tous les \u00e2ges et pour tous les go\u00fbts ! <\/span><\/p>\n\n\n\n<h3><span class=\"has-inline-color has-white-color\">Avec Shoes Me, vous trouverez chaussures \u00e0 vos pieds ! <\/span><\/h3>\n\n\n\n<div class=\"wp-block-buttons aligncenter\">\n<div class=\"wp-block-button\"><a class=\"wp-block-button__link\" href=\"http:\/\/shoesme-saverne.fr\/index.php\/15c42-web-agency-gb-about-us\/\">D\u00e9couvrez l&rsquo;aventure shoes me<\/a><\/div>\n<\/div>\n<\/div>\n<\/div><\/div>\n\n\n\n<div class=\"wp-block-themeisle-blocks-advanced-columns alignfull has-3-columns has-desktop-equal-layout has-tablet-equal-layout has-mobile-collapsedRows-layout has-wide-gap has-vertical-center\" id=\"wp-block-themeisle-blocks-advanced-columns-d68eee3c\"><div class=\"wp-block-themeisle-blocks-advanced-columns-overlay\"><\/div><div class=\"innerblocks-wrap\">\n<div class=\"wp-block-themeisle-blocks-advanced-column\" id=\"wp-block-themeisle-blocks-advanced-column-80f0db44\">\n<div class=\"wp-block-themeisle-blocks-service\">\n<div class=\"wp-block-group\"><div class=\"wp-block-group__inner-container\">\n<p class=\"wp-block-themeisle-blocks-font-awesome-icons\" id=\"wp-block-themeisle-blocks-font-awesome-icons-06c71813\"><span class=\"wp-block-themeisle-blocks-font-awesome-icons-container\"><i class=\"fas fa-shoe-prints\"><\/i><\/span><\/p>\n<\/div><\/div>\n\n\n\n<h3 id=\"wp-block-themeisle-blocks-advanced-heading-7b824d8c\" class=\"wp-block-themeisle-blocks-advanced-heading wp-block-themeisle-blocks-advanced-heading-7b824d8c\">Choix <\/h3>\n\n\n\n<p id=\"wp-block-themeisle-blocks-advanced-heading-4d9cde9e\" class=\"wp-block-themeisle-blocks-advanced-heading wp-block-themeisle-blocks-advanced-heading-4d9cde9e\">Nous s\u00e9lectionnons les meilleurs produits et offrons une collection vari\u00e9e pour tous les go\u00fbts ! <br>F\u00e9minin ou confort, nous nous adaptons au quotidien des femmes avec des produits adapt\u00e9s \u00e0 leurs besoins.  <\/p>\n<\/div>\n<\/div>\n\n\n\n<div class=\"wp-block-themeisle-blocks-advanced-column\" id=\"wp-block-themeisle-blocks-advanced-column-75651b0e\">\n<div class=\"wp-block-group\"><div class=\"wp-block-group__inner-container\">\n<p class=\"wp-block-themeisle-blocks-font-awesome-icons\" id=\"wp-block-themeisle-blocks-font-awesome-icons-95198199\"><span class=\"wp-block-themeisle-blocks-font-awesome-icons-container\"><i class=\"fas fa-map-marker\"><\/i><\/span><\/p>\n<\/div><\/div>\n\n\n\n<h3 id=\"wp-block-themeisle-blocks-advanced-heading-e574c793\" class=\"wp-block-themeisle-blocks-advanced-heading wp-block-themeisle-blocks-advanced-heading-e574c793\">Qualit\u00e9 &amp; Proximit\u00e9<\/h3>\n\n\n\n<p id=\"wp-block-themeisle-blocks-advanced-heading-77ddd0de\" class=\"wp-block-themeisle-blocks-advanced-heading wp-block-themeisle-blocks-advanced-heading-77ddd0de\">Petite boutique au centre ville de Saverne qui soutient le commerce de proximit\u00e9 ! Nous s\u00e9lectionnons avec soin nos produits pour vous offrir la meilleure qualit\u00e9. Tous nos fournisseurs sont bas\u00e9s en Europe : Italie, Portugal, Espagne et France. <\/p>\n<\/div>\n\n\n\n<div class=\"wp-block-themeisle-blocks-advanced-column\" id=\"wp-block-themeisle-blocks-advanced-column-27094f67\">\n<p class=\"wp-block-themeisle-blocks-font-awesome-icons\" id=\"wp-block-themeisle-blocks-font-awesome-icons-ee4b6d4b\"><span class=\"wp-block-themeisle-blocks-font-awesome-icons-container\"><i class=\"fas fa-check\"><\/i><\/span><\/p>\n\n\n\n<h3 id=\"wp-block-themeisle-blocks-advanced-heading-868c0873\" class=\"wp-block-themeisle-blocks-advanced-heading wp-block-themeisle-blocks-advanced-heading-868c0873\">Conseil &amp; Convivialit\u00e9<\/h3>\n\n\n\n<p id=\"wp-block-themeisle-blocks-advanced-heading-a1a200dc\" class=\"wp-block-themeisle-blocks-advanced-heading wp-block-themeisle-blocks-advanced-heading-a1a200dc\">Brigitte, passionn\u00e9e par son m\u00e9tier vous accueille avec son grand sourire et son enthousiasme ! Proche de ses clientes, elle saura trouver la paire de chaussures ou le sac \u00e0 mains qui vous correspond et vous conseiller au mieux !  <\/p>\n<\/div>\n<\/div><\/div>\n\n\n\n<div class=\"wp-block-themeisle-blocks-advanced-columns alignfull has-2-columns has-desktop-equal-layout has-tablet-equal-layout has-mobile-collapsedRows-layout has-nogap-gap has-vertical-center\" id=\"wp-block-themeisle-blocks-advanced-columns-ad20c616\"><div class=\"wp-block-themeisle-blocks-advanced-columns-overlay\"><\/div><div class=\"innerblocks-wrap\">\n<div class=\"wp-block-themeisle-blocks-advanced-column\" id=\"wp-block-themeisle-blocks-advanced-column-03d02eeb\">\n<div id=\"wp-block-themeisle-blocks-slider-e2f9e147\" class=\"wp-block-themeisle-blocks-slider glide\" data-per-view=\"1\" data-gap=\"0\" data-peek=\"0\" data-autoplay=\"true\" data-height=\"400px\" data-hide-arrows=\"false\"><div class=\"glide__track\" data-glide-el=\"track\"><div class=\"glide__slides\"><div class=\"wp-block-themeisle-blocks-slider-item-wrapper glide__slide\" tabindex=\"0\"><figure><img class=\"wp-block-themeisle-blocks-slider-item\" src=\"http:\/\/shoesme-saverne.fr\/wp-content\/uploads\/2021\/03\/159961229_729811231062580_5506976840601888404_n.jpg\" alt=\"\" title=\"\" data-id=\"2363\"\/><\/figure><\/div><div class=\"wp-block-themeisle-blocks-slider-item-wrapper glide__slide\" tabindex=\"0\"><figure><img class=\"wp-block-themeisle-blocks-slider-item\" src=\"http:\/\/shoesme-saverne.fr\/wp-content\/uploads\/2021\/03\/159416968_428905561752146_5073894328545600239_n-scaled.jpg\" alt=\"\" title=\"\" data-id=\"2358\"\/><\/figure><\/div><div class=\"wp-block-themeisle-blocks-slider-item-wrapper glide__slide\" tabindex=\"0\"><figure><img class=\"wp-block-themeisle-blocks-slider-item\" src=\"http:\/\/shoesme-saverne.fr\/wp-content\/uploads\/2021\/03\/158358968_278828070297481_7051933486500507001_n-scaled.jpg\" alt=\"\" title=\"\" data-id=\"2347\"\/><\/figure><\/div><div class=\"wp-block-themeisle-blocks-slider-item-wrapper glide__slide\" tabindex=\"0\"><figure><img class=\"wp-block-themeisle-blocks-slider-item\" src=\"http:\/\/shoesme-saverne.fr\/wp-content\/uploads\/2021\/02\/20210219_155021-scaled.jpg\" alt=\"\" title=\"\" data-id=\"2319\"\/><\/figure><\/div><div class=\"wp-block-themeisle-blocks-slider-item-wrapper glide__slide\" tabindex=\"0\"><figure><img class=\"wp-block-themeisle-blocks-slider-item\" src=\"http:\/\/shoesme-saverne.fr\/wp-content\/uploads\/2021\/03\/20210224_164400-1-scaled.jpg\" alt=\"\" title=\"\" data-id=\"2332\"\/><\/figure><\/div><div class=\"wp-block-themeisle-blocks-slider-item-wrapper glide__slide\" tabindex=\"0\"><figure><img class=\"wp-block-themeisle-blocks-slider-item\" src=\"http:\/\/shoesme-saverne.fr\/wp-content\/uploads\/2021\/02\/20210216_172218-scaled.jpg\" alt=\"\" title=\"\" data-id=\"2317\"\/><\/figure><\/div><div class=\"wp-block-themeisle-blocks-slider-item-wrapper glide__slide\" tabindex=\"0\"><figure><img class=\"wp-block-themeisle-blocks-slider-item\" src=\"http:\/\/shoesme-saverne.fr\/wp-content\/uploads\/2021\/02\/20210212_152446-scaled.jpg\" alt=\"\" title=\"\" data-id=\"2308\"\/><\/figure><\/div><div class=\"wp-block-themeisle-blocks-slider-item-wrapper glide__slide\" tabindex=\"0\"><figure><img class=\"wp-block-themeisle-blocks-slider-item\" src=\"http:\/\/shoesme-saverne.fr\/wp-content\/uploads\/2021\/02\/20210216_172145-scaled.jpg\" alt=\"\" title=\"\" data-id=\"2312\"\/><\/figure><\/div><div class=\"wp-block-themeisle-blocks-slider-item-wrapper glide__slide\" tabindex=\"0\"><figure><img class=\"wp-block-themeisle-blocks-slider-item\" src=\"http:\/\/shoesme-saverne.fr\/wp-content\/uploads\/2021\/02\/20210212_152350-scaled.jpg\" alt=\"\" title=\"\" data-id=\"2303\"\/><\/figure><\/div><div class=\"wp-block-themeisle-blocks-slider-item-wrapper glide__slide\" tabindex=\"0\"><figure><img class=\"wp-block-themeisle-blocks-slider-item\" src=\"http:\/\/shoesme-saverne.fr\/wp-content\/uploads\/2021\/02\/20210212_152224-scaled.jpg\" alt=\"\" title=\"\" data-id=\"2288\"\/><\/figure><\/div><div class=\"wp-block-themeisle-blocks-slider-item-wrapper glide__slide\" tabindex=\"0\"><figure><img class=\"wp-block-themeisle-blocks-slider-item\" src=\"http:\/\/shoesme-saverne.fr\/wp-content\/uploads\/2021\/02\/20210212_152319-scaled.jpg\" alt=\"\" title=\"\" data-id=\"2291\"\/><\/figure><\/div><\/div><div class=\"glide__bullets\" data-glide-el=\"controls[nav]\"><button class=\"glide__bullet\" data-glide-dir=\"=0\"><\/button><button class=\"glide__bullet\" data-glide-dir=\"=1\"><\/button><button class=\"glide__bullet\" data-glide-dir=\"=2\"><\/button><button class=\"glide__bullet\" data-glide-dir=\"=3\"><\/button><button class=\"glide__bullet\" data-glide-dir=\"=4\"><\/button><button class=\"glide__bullet\" data-glide-dir=\"=5\"><\/button><button class=\"glide__bullet\" data-glide-dir=\"=6\"><\/button><button class=\"glide__bullet\" data-glide-dir=\"=7\"><\/button><button class=\"glide__bullet\" data-glide-dir=\"=8\"><\/button><button class=\"glide__bullet\" data-glide-dir=\"=9\"><\/button><button class=\"glide__bullet\" data-glide-dir=\"=10\"><\/button><\/div><\/div><\/div>\n<\/div>\n\n\n\n<div class=\"wp-block-themeisle-blocks-advanced-column ticss-44eccd86\" id=\"wp-block-themeisle-blocks-advanced-column-cb2b8741\">\n<h2 class=\"has-text-align-center\">Chaussures <\/h2>\n\n\n\n<p class=\"has-text-align-left\">Une collection vari\u00e9e pour tous les \u00e2ges et pour tous les go\u00fbts. <br>Des mod\u00e8les originaux et des intemporels vous attendent au 6 place du G\u00e9n\u00e9ral de Gaulle \u00e0 Saverne !  <\/p>\n\n\n\n<div class=\"wp-block-button aligncenter is-style-fill is-style-primary\"><a class=\"wp-block-button__link has-white-color has-neve-button-color-background-color has-text-color has-background no-border-radius\" href=\"http:\/\/shoesme-saverne.fr\/index.php\/chaussures-femmes\/\">D\u00e9couvrez la collection<\/a><\/div>\n<\/div>\n<\/div><\/div>\n\n\n\n<div class=\"wp-block-themeisle-blocks-advanced-columns alignfull has-2-columns has-desktop-equal-layout has-tablet-equal-layout has-mobile-collapsedRows-layout has-nogap-gap has-vertical-center\" id=\"wp-block-themeisle-blocks-advanced-columns-5e6f3a8e\"><div class=\"wp-block-themeisle-blocks-advanced-columns-overlay\"><\/div><div class=\"innerblocks-wrap\">\n<div class=\"wp-block-themeisle-blocks-advanced-column\" id=\"wp-block-themeisle-blocks-advanced-column-4949e572\">\n<h2 class=\"has-text-align-center\">Pr\u00eat-\u00e0-Porter <\/h2>\n\n\n\n<p class=\"has-text-align-left\">Des pi\u00e8ces originales tout droit venues d&rsquo;Italie ! Vous y trouverez robes, chemisiers et tops, tout pour compl\u00e9ter votre garde-robe ! <\/p>\n\n\n\n<div class=\"wp-block-button aligncenter is-style-fill is-style-primary\"><a class=\"wp-block-button__link has-white-color has-neve-button-color-background-color has-text-color has-background no-border-radius\" href=\"http:\/\/shoesme-saverne.fr\/index.php\/pret-a-porter\/\">D\u00e9couvrez les mod\u00e8les<\/a><\/div>\n<\/div>\n\n\n\n<div class=\"wp-block-themeisle-blocks-advanced-column\" id=\"wp-block-themeisle-blocks-advanced-column-372f2dc9\">\n<figure class=\"wp-block-image size-large is-style-rounded\"><img loading=\"lazy\" width=\"719\" height=\"719\" src=\"http:\/\/shoesme-saverne.fr\/wp-content\/uploads\/2020\/11\/120072514_3537247462980622_9175768917034436434_n-edited.jpg\" alt=\"\" class=\"wp-image-2173\" srcset=\"http:\/\/shoesme-saverne.fr\/wp-content\/uploads\/2020\/11\/120072514_3537247462980622_9175768917034436434_n-edited.jpg 719w, http:\/\/shoesme-saverne.fr\/wp-content\/uploads\/2020\/11\/120072514_3537247462980622_9175768917034436434_n-edited-300x300.jpg 300w, http:\/\/shoesme-saverne.fr\/wp-content\/uploads\/2020\/11\/120072514_3537247462980622_9175768917034436434_n-edited-150x150.jpg 150w, http:\/\/shoesme-saverne.fr\/wp-content\/uploads\/2020\/11\/120072514_3537247462980622_9175768917034436434_n-edited-600x600.jpg 600w, http:\/\/shoesme-saverne.fr\/wp-content\/uploads\/2020\/11\/120072514_3537247462980622_9175768917034436434_n-edited-100x100.jpg 100w\" sizes=\"(max-width: 719px) 100vw, 719px\" \/><\/figure>\n<\/div>\n<\/div><\/div>\n\n\n\n<div class=\"wp-block-themeisle-blocks-advanced-columns alignfull has-2-columns has-desktop-equal-layout has-tablet-equal-layout has-mobile-collapsedRows-layout has-nogap-gap has-vertical-center\" id=\"wp-block-themeisle-blocks-advanced-columns-04f594d2\"><div class=\"wp-block-themeisle-blocks-advanced-columns-overlay\"><\/div><div class=\"innerblocks-wrap\">\n<div class=\"wp-block-themeisle-blocks-advanced-column\" id=\"wp-block-themeisle-blocks-advanced-column-926e7050\">\n<div id=\"wp-block-themeisle-blocks-slider-bcae0b4a\" class=\"wp-block-themeisle-blocks-slider glide\" data-per-view=\"1\" data-gap=\"0\" data-peek=\"0\" data-autoplay=\"true\" data-height=\"400px\" data-hide-arrows=\"false\"><div class=\"glide__track\" data-glide-el=\"track\"><div class=\"glide__slides\"><div class=\"wp-block-themeisle-blocks-slider-item-wrapper glide__slide\" tabindex=\"0\"><figure><img class=\"wp-block-themeisle-blocks-slider-item\" src=\"http:\/\/shoesme-saverne.fr\/wp-content\/uploads\/2020\/11\/IMG_4241-scaled.jpg\" alt=\"\" title=\"\" data-id=\"1949\"\/><\/figure><\/div><div class=\"wp-block-themeisle-blocks-slider-item-wrapper glide__slide\" tabindex=\"0\"><figure><img class=\"wp-block-themeisle-blocks-slider-item\" src=\"http:\/\/shoesme-saverne.fr\/wp-content\/uploads\/2020\/11\/IMG_4266-scaled.jpg\" alt=\"\" title=\"\" data-id=\"1967\"\/><\/figure><\/div><div class=\"wp-block-themeisle-blocks-slider-item-wrapper glide__slide\" tabindex=\"0\"><figure><img class=\"wp-block-themeisle-blocks-slider-item\" src=\"http:\/\/shoesme-saverne.fr\/wp-content\/uploads\/2020\/11\/IMG_4278-scaled.jpg\" alt=\"\" title=\"\" data-id=\"1975\"\/><\/figure><\/div><div class=\"wp-block-themeisle-blocks-slider-item-wrapper glide__slide\" tabindex=\"0\"><figure><img class=\"wp-block-themeisle-blocks-slider-item\" src=\"http:\/\/shoesme-saverne.fr\/wp-content\/uploads\/2020\/11\/IMG_4245-scaled.jpg\" alt=\"\" title=\"\" data-id=\"1950\"\/><\/figure><\/div><div class=\"wp-block-themeisle-blocks-slider-item-wrapper glide__slide\" tabindex=\"0\"><figure><img class=\"wp-block-themeisle-blocks-slider-item\" src=\"http:\/\/shoesme-saverne.fr\/wp-content\/uploads\/2020\/11\/IMG_4250-1-scaled.jpg\" alt=\"\" title=\"\" data-id=\"1954\"\/><\/figure><\/div><div class=\"wp-block-themeisle-blocks-slider-item-wrapper glide__slide\" tabindex=\"0\"><figure><img class=\"wp-block-themeisle-blocks-slider-item\" src=\"http:\/\/shoesme-saverne.fr\/wp-content\/uploads\/2020\/11\/IMG_4255-scaled.jpg\" alt=\"\" title=\"\" data-id=\"1957\"\/><\/figure><\/div><div class=\"wp-block-themeisle-blocks-slider-item-wrapper glide__slide\" tabindex=\"0\"><figure><img class=\"wp-block-themeisle-blocks-slider-item\" src=\"http:\/\/shoesme-saverne.fr\/wp-content\/uploads\/2020\/11\/IMG_4253-scaled.jpg\" alt=\"\" title=\"\" data-id=\"1956\"\/><\/figure><\/div><div class=\"wp-block-themeisle-blocks-slider-item-wrapper glide__slide\" tabindex=\"0\"><figure><img class=\"wp-block-themeisle-blocks-slider-item\" src=\"http:\/\/shoesme-saverne.fr\/wp-content\/uploads\/2020\/11\/IMG_4262-scaled.jpg\" alt=\"\" title=\"\" data-id=\"1668\"\/><\/figure><\/div><div class=\"wp-block-themeisle-blocks-slider-item-wrapper glide__slide\" tabindex=\"0\"><figure><img class=\"wp-block-themeisle-blocks-slider-item\" src=\"http:\/\/shoesme-saverne.fr\/wp-content\/uploads\/2020\/11\/IMG_4246-scaled.jpg\" alt=\"\" title=\"\" data-id=\"1951\"\/><\/figure><\/div><\/div><div class=\"glide__bullets\" data-glide-el=\"controls[nav]\"><button class=\"glide__bullet\" data-glide-dir=\"=0\"><\/button><button class=\"glide__bullet\" data-glide-dir=\"=1\"><\/button><button class=\"glide__bullet\" data-glide-dir=\"=2\"><\/button><button class=\"glide__bullet\" data-glide-dir=\"=3\"><\/button><button class=\"glide__bullet\" data-glide-dir=\"=4\"><\/button><button class=\"glide__bullet\" data-glide-dir=\"=5\"><\/button><button class=\"glide__bullet\" data-glide-dir=\"=6\"><\/button><button class=\"glide__bullet\" data-glide-dir=\"=7\"><\/button><button class=\"glide__bullet\" data-glide-dir=\"=8\"><\/button><\/div><\/div><\/div>\n<\/div>\n\n\n\n<div class=\"wp-block-themeisle-blocks-advanced-column\" id=\"wp-block-themeisle-blocks-advanced-column-00c5b9c2\">\n<h2 class=\"has-text-align-center has-white-color has-text-color\">Maroquinerie <br>&amp; Accessoires <\/h2>\n\n\n\n<p class=\"has-white-color has-text-color\">Des pi\u00e8ces uniques et italiennes : sacs \u00e0 mains et portes-feuilles. <br>Pour accessoiriser vos looks, retrouvez nos \u00e9charpes, \u00e9toles, gants, ceintures et bijoux ! <\/p>\n\n\n\n<div class=\"wp-block-button aligncenter is-style-fill is-style-primary\"><a class=\"wp-block-button__link has-white-color has-neve-button-color-background-color has-text-color has-background no-border-radius\" href=\"http:\/\/shoesme-saverne.fr\/index.php\/maroquinerie\/\">D\u00e9couvrez nos pi\u00e8ces uniques<\/a><\/div>\n<\/div>\n<\/div><\/div>\n\n\n\n<div class=\"wp-block-group alignfull\"><div class=\"wp-block-group__inner-container\">\n<div class=\"wp-block-themeisle-blocks-advanced-columns alignfull has-1-columns has-desktop-equal-layout has-tablet-equal-layout has-mobile-equal-layout has-nogap-gap has-vertical-center\" id=\"wp-block-themeisle-blocks-advanced-columns-978858d5\"><div class=\"wp-block-themeisle-blocks-advanced-columns-overlay\"><\/div><div class=\"innerblocks-wrap\">\n<div class=\"wp-block-themeisle-blocks-advanced-column\" id=\"wp-block-themeisle-blocks-advanced-column-229a01cf\">\n<h2 class=\"has-black-color has-text-color\">Suivez-nous sur les r\u00e9seaux sociaux ! <\/h2>\n\n\n\n<div id=\"wp-block-themeisle-blocks-button-group-f222f197\" class=\"wp-block-themeisle-blocks-button-group collapse-mobile wp-block-buttons align-center\">\n<div id=\"wp-block-themeisle-blocks-button-158a66ce\" class=\"wp-block-themeisle-blocks-button wp-block-button\"><a href=\"https:\/\/www.facebook.com\/SHOES-ME-279773175394750\" target=\"_self\" rel=\"noopener noreferrer\" class=\"wp-block-button__link\"><span>SUIVEZ nos ACTUS sur facebook<\/span><\/a><\/div>\n<\/div>\n\n\n\n<hr class=\"wp-block-separator\"\/>\n\n\n\n<div class=\"wp-block-columns are-vertically-aligned-top\">\n<div class=\"wp-block-column is-vertically-aligned-top\">\n<p style=\"font-size:14px\">\u00ab\u00a0Tr\u00e8s bien accueillie dans cette boutique au centre de Saverne. Conseils de professionnelle qui conna\u00eet son m\u00e9tier et aime vous mettre en valeur. J&rsquo;ai trouv\u00e9 mon bonheur !\u00a0\u00bb<br><br>FANOU KLEIN, <br>Ao\u00fbt 2020, Google<\/p>\n<\/div>\n\n\n\n<div class=\"wp-block-column is-vertically-aligned-top\">\n<p style=\"font-size:14px\">\u00ab\u00a0Un tr\u00e8s bon accueil, de tr\u00e8s belles chaussures, une commer\u00e7ante tr\u00e8s professionnelle ! Je recommande vivement <img loading=\"lazy\" height=\"16\" width=\"16\" alt=\"?\" src=\"https:\/\/static.xx.fbcdn.net\/images\/emoji.php\/v9\/t9b\/2\/16\/1f44d.png\"> \u00ab\u00a0<br><br><em>ANITA NADLER<\/em><br>Juillet 2020, Facebook<br><\/p>\n<\/div>\n\n\n\n<div class=\"wp-block-column is-vertically-aligned-top\">\n<p style=\"font-size:14px\">\u00ab\u00a0Un accueil au top ! Une ambiance chaleureuse ! Un conseil tr\u00e8s expert ! De tr\u00e8s belles pi\u00e8ces ! Combl\u00e9e !\u00a0\u00bb <br><br><em>SANDRA SCHWARTZ<\/em><br>Juin 2017, Facebook<\/p>\n<\/div>\n<\/div>\n<\/div>\n<\/div><\/div>\n<\/div><\/div>\n","protected":false},"excerpt":{"rendered":"<p>Site en cours de mise \u00e0 jour. Certains mod\u00e8les ne sont plus disponibles. Restez connect\u00e9s !<\/p>\n","protected":false},"author":1,"featured_media":2113,"parent":0,"menu_order":0,"comment_status":"closed","ping_status":"closed","template":"page-templates\/template-pagebuilder-full-width.php","meta":{"neve_meta_sidebar":"full-width","neve_meta_container":"contained","neve_meta_enable_content_width":"off","neve_meta_content_width":30,"neve_meta_title_alignment":"","neve_meta_author_avatar":"","neve_post_elements_order":"","neve_meta_disable_header":"","neve_meta_disable_footer":"","neve_meta_disable_title":"on"},"_links":{"self":[{"href":"http:\/\/shoesme-saverne.fr\/index.php\/wp-json\/wp\/v2\/pages\/1576"}],"collection":[{"href":"http:\/\/shoesme-saverne.fr\/index.php\/wp-json\/wp\/v2\/pages"}],"about":[{"href":"http:\/\/shoesme-saverne.fr\/index.php\/wp-json\/wp\/v2\/types\/page"}],"author":[{"embeddable":true,"href":"http:\/\/shoesme-saverne.fr\/index.php\/wp-json\/wp\/v2\/users\/1"}],"replies":[{"embeddable":true,"href":"http:\/\/shoesme-saverne.fr\/index.php\/wp-json\/wp\/v2\/comments?post=1576"}],"version-history":[{"count":85,"href":"http:\/\/shoesme-saverne.fr\/index.php\/wp-json\/wp\/v2\/pages\/1576\/revisions"}],"predecessor-version":[{"id":2638,"href":"http:\/\/shoesme-saverne.fr\/index.php\/wp-json\/wp\/v2\/pages\/1576\/revisions\/2638"}],"wp:featuredmedia":[{"embeddable":true,"href":"http:\/\/shoesme-saverne.fr\/index.php\/wp-json\/wp\/v2\/media\/2113"}],"wp:attachment":[{"href":"http:\/\/shoesme-saverne.fr\/index.php\/wp-json\/wp\/v2\/media?parent=1576"}],"curies":[{"name":"wp","href":"https:\/\/api.w.org\/{rel}","templated":true}]}}