{"id":75,"date":"2020-01-27T08:29:32","date_gmt":"2020-01-27T07:29:32","guid":{"rendered":"http:\/\/shoesme-saverne.fr\/index.php\/15c42-web-agency-gb-contact-us\/"},"modified":"2020-11-12T19:40:28","modified_gmt":"2020-11-12T18:40:28","slug":"15c42-web-agency-gb-contact-us","status":"publish","type":"page","link":"http:\/\/shoesme-saverne.fr\/index.php\/15c42-web-agency-gb-contact-us\/","title":{"rendered":"Contact"},"content":{"rendered":"\n<div class=\"wp-block-themeisle-blocks-advanced-columns alignfull has-1-columns has-desktop-equal-layout has-tablet-equal-layout has-mobile-equal-layout has-wide-gap has-vertical-center\" id=\"wp-block-themeisle-blocks-advanced-columns-d8779e40\"><div class=\"wp-block-themeisle-blocks-advanced-columns-overlay\"><\/div><div class=\"innerblocks-wrap\">\n<div class=\"wp-block-themeisle-blocks-advanced-column\" id=\"wp-block-themeisle-blocks-advanced-column-f34715c3\">\n<div class=\"wp-block-themeisle-blocks-service\">\n<h1 id=\"wp-block-themeisle-blocks-advanced-heading-06b671c6\" class=\"wp-block-themeisle-blocks-advanced-heading wp-block-themeisle-blocks-advanced-heading-06b671c6\">Restons en contact ! <\/h1>\n<\/div>\n<\/div>\n<\/div><\/div>\n\n\n\n<h2 class=\"has-text-align-center has-white-color has-neve-button-color-background-color has-text-color has-background\"><strong>Un mod\u00e8le vous int\u00e9resse ? <\/strong><\/h2>\n\n\n\n<h2 class=\"has-text-align-center has-neve-button-color-color has-white-background-color has-text-color has-background\" style=\"font-size:33px\">Contactez-moi et profitez de la <br><strong>livraison offerte \u00e0 votre domicile <\/strong>! <\/h2>\n\n\n\n<div class=\"wp-block-themeisle-blocks-advanced-columns alignfull has-3-columns has-desktop-equal-layout has-tablet-equal-layout has-mobile-collapsedRows-layout has-wide-gap has-vertical-center\" id=\"wp-block-themeisle-blocks-advanced-columns-b47a10e8\"><div class=\"wp-block-themeisle-blocks-advanced-columns-overlay\"><\/div><div class=\"innerblocks-wrap\">\n<div class=\"wp-block-themeisle-blocks-advanced-column\" id=\"wp-block-themeisle-blocks-advanced-column-710d2f2e\">\n<div class=\"wp-block-themeisle-blocks-service\">\n<p class=\"wp-block-themeisle-blocks-font-awesome-icons\" id=\"wp-block-themeisle-blocks-font-awesome-icons-315d4435\"><span class=\"wp-block-themeisle-blocks-font-awesome-icons-container\"><a href=\"tel:+33388032129\" target=\"_self\" rel=\"noopener noreferrer\"><i class=\"fas fa-phone\"><\/i><\/a><\/span><\/p>\n\n\n\n<h3 id=\"wp-block-themeisle-blocks-advanced-heading-becbb9db\" class=\"wp-block-themeisle-blocks-advanced-heading wp-block-themeisle-blocks-advanced-heading-becbb9db\">T\u00e9l\u00e9phone<\/h3>\n\n\n\n<div class=\"wp-block-buttons aligncenter\">\n<div class=\"wp-block-button\"><a class=\"wp-block-button__link\" href=\"tel:+33388032129\">03 88 03 21 29<\/a><\/div>\n\n\n\n<div class=\"wp-block-button\"><a class=\"wp-block-button__link\" href=\"tel:+33686700509\">06 86 70 05 09<\/a><\/div>\n<\/div>\n<\/div>\n<\/div>\n\n\n\n<div class=\"wp-block-themeisle-blocks-advanced-column\" id=\"wp-block-themeisle-blocks-advanced-column-0ff5e1ce\">\n<div class=\"wp-block-group\"><div class=\"wp-block-group__inner-container\">\n<p class=\"wp-block-themeisle-blocks-font-awesome-icons\" id=\"wp-block-themeisle-blocks-font-awesome-icons-afe7da75\"><span class=\"wp-block-themeisle-blocks-font-awesome-icons-container\"><a href=\"mailto:brigittestoffel@gmail.com\" target=\"_self\" rel=\"noopener noreferrer\"><i class=\"far fa-envelope\"><\/i><\/a><\/span><\/p>\n\n\n\n<div class=\"wp-block-group\"><div class=\"wp-block-group__inner-container\">\n<h3 id=\"wp-block-themeisle-blocks-advanced-heading-6b9303d2\" class=\"wp-block-themeisle-blocks-advanced-heading wp-block-themeisle-blocks-advanced-heading-6b9303d2\">Email<\/h3>\n\n\n\n<div class=\"wp-block-buttons aligncenter\">\n<div class=\"wp-block-button\"><a class=\"wp-block-button__link\" href=\"mailto:brigittestoffel@gmail.com\">brigittestoffel@gmail.com<\/a><\/div>\n<\/div>\n<\/div><\/div>\n<\/div><\/div>\n<\/div>\n\n\n\n<div class=\"wp-block-themeisle-blocks-advanced-column\" id=\"wp-block-themeisle-blocks-advanced-column-4ca87e43\">\n<p class=\"wp-block-themeisle-blocks-font-awesome-icons\" id=\"wp-block-themeisle-blocks-font-awesome-icons-e5aa46eb\"><span class=\"wp-block-themeisle-blocks-font-awesome-icons-container\"><a href=\"https:\/\/www.facebook.com\/SHOES-ME-279773175394750\" target=\"_self\" rel=\"noopener noreferrer\"><i class=\"fab fa-facebook\"><\/i><\/a><\/span><\/p>\n\n\n\n<div class=\"wp-block-group\"><div class=\"wp-block-group__inner-container\">\n<h3 id=\"wp-block-themeisle-blocks-advanced-heading-91069d60\" class=\"wp-block-themeisle-blocks-advanced-heading wp-block-themeisle-blocks-advanced-heading-91069d60\">Page Facebook<\/h3>\n\n\n\n<div class=\"wp-block-buttons aligncenter\">\n<div class=\"wp-block-button\"><a class=\"wp-block-button__link\" href=\"https:\/\/www.facebook.com\/SHOES-ME-279773175394750\">SHoes me<\/a><\/div>\n<\/div>\n<\/div><\/div>\n<\/div>\n<\/div><\/div>\n\n\n\n<div class=\"wp-block-themeisle-blocks-advanced-columns alignfull has-2-columns has-desktop-equal-layout has-tablet-equal-layout has-mobile-collapsedRows-layout has-nogap-gap has-vertical-center\" id=\"wp-block-themeisle-blocks-advanced-columns-806a2640\"><div class=\"wp-block-themeisle-blocks-advanced-columns-overlay\"><\/div><div class=\"innerblocks-wrap\">\n<div class=\"wp-block-themeisle-blocks-advanced-column\" id=\"wp-block-themeisle-blocks-advanced-column-0db9db94\">\n<h2 class=\"has-white-color has-text-color\">Rendez-nous visite !  <\/h2>\n\n\n\n<p class=\"has-white-color has-text-color\"><strong>SHOES ME<\/strong><br><a href=\"https:\/\/www.google.fr\/maps\/place\/6+Place+du+G\u00e9n\u00e9ral+de+Gaulle,+67700+Saverne\/@48.7417759,7.3623341,16.84z\/data=!4m5!3m4!1s0x4796a0a3ebfc85c1:0x36fd9ddc21d31997!8m2!3d48.7417429!4d7.3627951\"><span class=\"has-inline-color has-white-color\">6 place du G\u00e9n\u00e9ral de Gaulle<br>67700 Saverne<\/span><\/a><\/p>\n\n\n\n<p class=\"has-white-color has-text-color\"><strong>HORAIRES D&rsquo;OUVERTURE<\/strong> <br>Du mardi au vendredi <br>9h30 &#8211; 12h \/ 14h &#8211; 19h <br>Samedi jusqu&rsquo;\u00e0 18h <\/p>\n<\/div>\n\n\n\n<div class=\"wp-block-themeisle-blocks-advanced-column ticss-57b62335\" id=\"wp-block-themeisle-blocks-advanced-column-051ed8d2\">\n<figure class=\"wp-block-image size-large is-resized is-style-default\"><img loading=\"lazy\" src=\"http:\/\/shoesme-saverne.fr\/wp-content\/uploads\/2020\/11\/IMG_3937-1-1024x768.jpg\" alt=\"\" class=\"wp-image-1979\" width=\"397\" height=\"297\" srcset=\"http:\/\/shoesme-saverne.fr\/wp-content\/uploads\/2020\/11\/IMG_3937-1-1024x768.jpg 1024w, http:\/\/shoesme-saverne.fr\/wp-content\/uploads\/2020\/11\/IMG_3937-1-300x225.jpg 300w, http:\/\/shoesme-saverne.fr\/wp-content\/uploads\/2020\/11\/IMG_3937-1-768x576.jpg 768w, http:\/\/shoesme-saverne.fr\/wp-content\/uploads\/2020\/11\/IMG_3937-1-1536x1152.jpg 1536w, http:\/\/shoesme-saverne.fr\/wp-content\/uploads\/2020\/11\/IMG_3937-1-2048x1536.jpg 2048w, http:\/\/shoesme-saverne.fr\/wp-content\/uploads\/2020\/11\/IMG_3937-1-600x450.jpg 600w\" sizes=\"(max-width: 397px) 100vw, 397px\" \/><\/figure>\n<\/div>\n<\/div><\/div>\n","protected":false},"excerpt":{"rendered":"<p>Un mod\u00e8le vous int\u00e9resse ? Contactez-moi et profitez de la livraison offerte \u00e0 votre domicile !<\/p>\n","protected":false},"author":1,"featured_media":0,"parent":0,"menu_order":0,"comment_status":"closed","ping_status":"closed","template":"page-templates\/template-pagebuilder-full-width.php","meta":{"neve_meta_sidebar":"full-width","neve_meta_container":"","neve_meta_enable_content_width":"on","neve_meta_content_width":100,"neve_meta_title_alignment":"","neve_meta_author_avatar":"","neve_post_elements_order":"","neve_meta_disable_header":"","neve_meta_disable_footer":"","neve_meta_disable_title":"on"},"_links":{"self":[{"href":"http:\/\/shoesme-saverne.fr\/index.php\/wp-json\/wp\/v2\/pages\/75"}],"collection":[{"href":"http:\/\/shoesme-saverne.fr\/index.php\/wp-json\/wp\/v2\/pages"}],"about":[{"href":"http:\/\/shoesme-saverne.fr\/index.php\/wp-json\/wp\/v2\/types\/page"}],"author":[{"embeddable":true,"href":"http:\/\/shoesme-saverne.fr\/index.php\/wp-json\/wp\/v2\/users\/1"}],"replies":[{"embeddable":true,"href":"http:\/\/shoesme-saverne.fr\/index.php\/wp-json\/wp\/v2\/comments?post=75"}],"version-history":[{"count":16,"href":"http:\/\/shoesme-saverne.fr\/index.php\/wp-json\/wp\/v2\/pages\/75\/revisions"}],"predecessor-version":[{"id":2130,"href":"http:\/\/shoesme-saverne.fr\/index.php\/wp-json\/wp\/v2\/pages\/75\/revisions\/2130"}],"wp:attachment":[{"href":"http:\/\/shoesme-saverne.fr\/index.php\/wp-json\/wp\/v2\/media?parent=75"}],"curies":[{"name":"wp","href":"https:\/\/api.w.org\/{rel}","templated":true}]}}